{"id":1005,"date":"2025-02-07T16:07:05","date_gmt":"2025-02-07T15:07:05","guid":{"rendered":"https:\/\/laurentodelain.com\/?page_id=1005"},"modified":"2025-03-07T13:12:25","modified_gmt":"2025-03-07T12:12:25","slug":"publications","status":"publish","type":"page","link":"https:\/\/laurentodelain.com\/index.php\/publications\/","title":{"rendered":"publications"},"content":{"rendered":"\n<figure class=\"wp-block-image size-large\"><a href=\"http:\/\/laurentodelain.com\/wp-content\/uploads\/2025\/02\/INCENDIAIRES_memoire-CFPI-22-23_Laurent-Odelain.pdf\" target=\"_blank\" rel=\" noreferrer noopener\"><img loading=\"lazy\" decoding=\"async\" width=\"711\" height=\"1024\" src=\"https:\/\/laurentodelain.com\/wp-content\/uploads\/2025\/02\/couvertures-incendiaires-1-711x1024.jpg\" alt=\"\" class=\"wp-image-1018\" srcset=\"https:\/\/laurentodelain.com\/wp-content\/uploads\/2025\/02\/couvertures-incendiaires-1-711x1024.jpg 711w, https:\/\/laurentodelain.com\/wp-content\/uploads\/2025\/02\/couvertures-incendiaires-1-208x300.jpg 208w, https:\/\/laurentodelain.com\/wp-content\/uploads\/2025\/02\/couvertures-incendiaires-1-768x1106.jpg 768w, https:\/\/laurentodelain.com\/wp-content\/uploads\/2025\/02\/couvertures-incendiaires-1-1067x1536.jpg 1067w, https:\/\/laurentodelain.com\/wp-content\/uploads\/2025\/02\/couvertures-incendiaires-1.jpg 1181w\" sizes=\"auto, (max-width: 711px) 100vw, 711px\" \/><\/a><\/figure>\n\n\n\n<figure class=\"wp-block-video\"><video height=\"720\" style=\"aspect-ratio: 720 \/ 720;\" width=\"720\" controls src=\"https:\/\/laurentodelain.com\/wp-content\/uploads\/2025\/02\/incendiaires-feuilletage-rapide-.mov\"><\/video><\/figure>\n\n\n\n<p class=\"has-text-align-right has-text-color has-link-color wp-elements-41e34f13e44a5aeb4a24a64360d03449\" style=\"color:#00000070;font-size:10px\"><strong>incendiaires<\/strong>  paraboles d&#8217;\u00e9chauffement<br><em>l\u2019intervention de l\u2019artiste comme tentative de mobilisation sensible et magique<\/em><br>m\u00e9moire CFPI &#8211; hear strasbourg  \u00b7  2023<\/p>\n\n\n\n<div style=\"height:10px\" aria-hidden=\"true\" class=\"wp-block-spacer\"><\/div>\n\n\n\n<figure class=\"wp-block-image size-large\"><a href=\"http:\/\/laurentodelain.com\/wp-content\/uploads\/2025\/02\/Laurent-Odelain_Publication-FRAC-alsace_Residence-Croisee-a-Langage-Plus-2017.pdf\" target=\"_blank\" rel=\" noreferrer noopener\"><img loading=\"lazy\" decoding=\"async\" width=\"788\" height=\"1024\" src=\"http:\/\/laurentodelain.com\/wp-content\/uploads\/2025\/02\/couverture-publication-alma-788x1024.jpg\" alt=\"\" class=\"wp-image-1032\" srcset=\"https:\/\/laurentodelain.com\/wp-content\/uploads\/2025\/02\/couverture-publication-alma-788x1024.jpg 788w, https:\/\/laurentodelain.com\/wp-content\/uploads\/2025\/02\/couverture-publication-alma-231x300.jpg 231w, https:\/\/laurentodelain.com\/wp-content\/uploads\/2025\/02\/couverture-publication-alma-768x999.jpg 768w, https:\/\/laurentodelain.com\/wp-content\/uploads\/2025\/02\/couverture-publication-alma-1181x1536.jpg 1181w, https:\/\/laurentodelain.com\/wp-content\/uploads\/2025\/02\/couverture-publication-alma-1575x2048.jpg 1575w, https:\/\/laurentodelain.com\/wp-content\/uploads\/2025\/02\/couverture-publication-alma-scaled.jpg 1969w\" sizes=\"auto, (max-width: 788px) 100vw, 788px\" \/><\/a><\/figure>\n\n\n\n<p class=\"has-text-align-right has-text-color has-link-color wp-elements-38374fe0e78468b995c6f37edbd6a8e0\" style=\"color:#00000070;font-size:10px\"><strong>\u00e9missaire<\/strong> &#8211; r\u00e9sidence \u00e0 Langage Plus, Alma, Qu\u00e9bec<br>catalogue r\u00e9sidence crois\u00e9e Grand Est, France \/ Saguenay \u2013 Lac-Saint-Jean, Qu\u00e9bec<br>\u00a9 agence culturelle grand est \/ frac alsace, langage plus, laurent odelain 2017<\/p>\n\n\n\n<div style=\"height:10px\" aria-hidden=\"true\" class=\"wp-block-spacer\"><\/div>\n\n\n\n<figure class=\"wp-block-image size-large\"><a href=\"http:\/\/laurentodelain.com\/wp-content\/uploads\/2025\/02\/POLIR-LA-CRAIE_Laurent-Odelain_2014.pdf\" target=\"_blank\" rel=\" noreferrer noopener\"><img loading=\"lazy\" decoding=\"async\" width=\"1024\" height=\"674\" src=\"http:\/\/laurentodelain.com\/wp-content\/uploads\/2025\/02\/polir-la-craie-1-1024x674.jpg\" alt=\"\" class=\"wp-image-1027\" srcset=\"https:\/\/laurentodelain.com\/wp-content\/uploads\/2025\/02\/polir-la-craie-1-1024x674.jpg 1024w, https:\/\/laurentodelain.com\/wp-content\/uploads\/2025\/02\/polir-la-craie-1-300x197.jpg 300w, https:\/\/laurentodelain.com\/wp-content\/uploads\/2025\/02\/polir-la-craie-1-768x505.jpg 768w, https:\/\/laurentodelain.com\/wp-content\/uploads\/2025\/02\/polir-la-craie-1.jpg 1181w\" sizes=\"auto, (max-width: 1024px) 100vw, 1024px\" \/><\/a><\/figure>\n\n\n\n<div class=\"wp-block-columns is-layout-flex wp-container-core-columns-is-layout-28f84493 wp-block-columns-is-layout-flex\">\n<div class=\"wp-block-column is-layout-flow wp-block-column-is-layout-flow\" style=\"flex-basis:100%\">\n<figure class=\"wp-block-gallery has-nested-images columns-2 is-cropped wp-block-gallery-1 is-layout-flex wp-block-gallery-is-layout-flex\">\n<figure class=\"wp-block-image size-full\"><img loading=\"lazy\" decoding=\"async\" width=\"960\" height=\"637\" data-id=\"1069\" src=\"https:\/\/laurentodelain.com\/wp-content\/uploads\/2025\/03\/10801943_646335068809870_2753264122197807519_n.jpg\" alt=\"\" class=\"wp-image-1069\" srcset=\"https:\/\/laurentodelain.com\/wp-content\/uploads\/2025\/03\/10801943_646335068809870_2753264122197807519_n.jpg 960w, https:\/\/laurentodelain.com\/wp-content\/uploads\/2025\/03\/10801943_646335068809870_2753264122197807519_n-300x199.jpg 300w, https:\/\/laurentodelain.com\/wp-content\/uploads\/2025\/03\/10801943_646335068809870_2753264122197807519_n-768x510.jpg 768w\" sizes=\"auto, (max-width: 960px) 100vw, 960px\" \/><\/figure>\n\n\n\n<figure class=\"wp-block-image size-full\"><img loading=\"lazy\" decoding=\"async\" width=\"1181\" height=\"777\" data-id=\"1080\" src=\"https:\/\/laurentodelain.com\/wp-content\/uploads\/2025\/03\/polirtal7.jpg\" alt=\"\" class=\"wp-image-1080\" srcset=\"https:\/\/laurentodelain.com\/wp-content\/uploads\/2025\/03\/polirtal7.jpg 1181w, https:\/\/laurentodelain.com\/wp-content\/uploads\/2025\/03\/polirtal7-300x197.jpg 300w, https:\/\/laurentodelain.com\/wp-content\/uploads\/2025\/03\/polirtal7-1024x674.jpg 1024w, https:\/\/laurentodelain.com\/wp-content\/uploads\/2025\/03\/polirtal7-768x505.jpg 768w\" sizes=\"auto, (max-width: 1181px) 100vw, 1181px\" \/><\/figure>\n\n\n\n<figure class=\"wp-block-image size-full\"><img loading=\"lazy\" decoding=\"async\" width=\"2550\" height=\"1662\" data-id=\"1070\" src=\"https:\/\/laurentodelain.com\/wp-content\/uploads\/2025\/03\/polirtal3.jpg\" alt=\"\" class=\"wp-image-1070\" srcset=\"https:\/\/laurentodelain.com\/wp-content\/uploads\/2025\/03\/polirtal3.jpg 2550w, https:\/\/laurentodelain.com\/wp-content\/uploads\/2025\/03\/polirtal3-300x196.jpg 300w, https:\/\/laurentodelain.com\/wp-content\/uploads\/2025\/03\/polirtal3-1024x667.jpg 1024w, https:\/\/laurentodelain.com\/wp-content\/uploads\/2025\/03\/polirtal3-768x501.jpg 768w, https:\/\/laurentodelain.com\/wp-content\/uploads\/2025\/03\/polirtal3-1536x1001.jpg 1536w, https:\/\/laurentodelain.com\/wp-content\/uploads\/2025\/03\/polirtal3-2048x1335.jpg 2048w\" sizes=\"auto, (max-width: 2550px) 100vw, 2550px\" \/><\/figure>\n\n\n\n<figure class=\"wp-block-image size-full\"><img loading=\"lazy\" decoding=\"async\" width=\"2376\" height=\"1638\" data-id=\"1071\" src=\"https:\/\/laurentodelain.com\/wp-content\/uploads\/2025\/03\/polirtal1.jpg\" alt=\"\" class=\"wp-image-1071\" srcset=\"https:\/\/laurentodelain.com\/wp-content\/uploads\/2025\/03\/polirtal1.jpg 2376w, https:\/\/laurentodelain.com\/wp-content\/uploads\/2025\/03\/polirtal1-300x207.jpg 300w, https:\/\/laurentodelain.com\/wp-content\/uploads\/2025\/03\/polirtal1-1024x706.jpg 1024w, https:\/\/laurentodelain.com\/wp-content\/uploads\/2025\/03\/polirtal1-768x529.jpg 768w, https:\/\/laurentodelain.com\/wp-content\/uploads\/2025\/03\/polirtal1-1536x1059.jpg 1536w, https:\/\/laurentodelain.com\/wp-content\/uploads\/2025\/03\/polirtal1-2048x1412.jpg 2048w\" sizes=\"auto, (max-width: 2376px) 100vw, 2376px\" \/><\/figure>\n<\/figure>\n<\/div>\n<\/div>\n\n\n\n<p class=\"has-text-align-right has-text-color has-link-color wp-elements-e8cf5955d6d2548b1068e68d6eac9b7a\" style=\"color:#00000070;font-size:10px\"><strong>polir la craie<\/strong> &#8211; dans Talweg 02<em> la p\u00e9riph\u00e9rie<\/em><br>\u00a9 p\u00e9trole \u00e9ditions 2014<\/p>\n\n\n\n<div style=\"height:10px\" aria-hidden=\"true\" class=\"wp-block-spacer\"><\/div>\n","protected":false},"excerpt":{"rendered":"<p>incendiaires paraboles d&#8217;\u00e9chauffementl\u2019intervention de l\u2019artiste comme tentative de mobilisation sensible et magiquem\u00e9moire CFPI &#8211; hear strasbourg \u00b7 2023 \u00e9missaire &#8211; r\u00e9sidence \u00e0 Langage Plus, Alma, Qu\u00e9beccatalogue r\u00e9sidence crois\u00e9e Grand Est, France \/ Saguenay \u2013 Lac-Saint-Jean, Qu\u00e9bec\u00a9 agence culturelle grand est \/ frac alsace, langage plus, laurent odelain 2017 polir la craie &#8211; dans Talweg 02 [&hellip;]<\/p>\n","protected":false},"author":1,"featured_media":0,"parent":0,"menu_order":0,"comment_status":"closed","ping_status":"closed","template":"","meta":{"footnotes":""},"class_list":["post-1005","page","type-page","status-publish","hentry"],"_links":{"self":[{"href":"https:\/\/laurentodelain.com\/index.php\/wp-json\/wp\/v2\/pages\/1005","targetHints":{"allow":["GET"]}}],"collection":[{"href":"https:\/\/laurentodelain.com\/index.php\/wp-json\/wp\/v2\/pages"}],"about":[{"href":"https:\/\/laurentodelain.com\/index.php\/wp-json\/wp\/v2\/types\/page"}],"author":[{"embeddable":true,"href":"https:\/\/laurentodelain.com\/index.php\/wp-json\/wp\/v2\/users\/1"}],"replies":[{"embeddable":true,"href":"https:\/\/laurentodelain.com\/index.php\/wp-json\/wp\/v2\/comments?post=1005"}],"version-history":[{"count":39,"href":"https:\/\/laurentodelain.com\/index.php\/wp-json\/wp\/v2\/pages\/1005\/revisions"}],"predecessor-version":[{"id":1083,"href":"https:\/\/laurentodelain.com\/index.php\/wp-json\/wp\/v2\/pages\/1005\/revisions\/1083"}],"wp:attachment":[{"href":"https:\/\/laurentodelain.com\/index.php\/wp-json\/wp\/v2\/media?parent=1005"}],"curies":[{"name":"wp","href":"https:\/\/api.w.org\/{rel}","templated":true}]}}