{"id":203,"date":"2023-02-22T11:21:12","date_gmt":"2023-02-22T10:21:12","guid":{"rendered":"http:\/\/laurentodelain.com\/?page_id=203"},"modified":"2025-05-03T02:12:02","modified_gmt":"2025-05-03T00:12:02","slug":"203-2","status":"publish","type":"page","link":"https:\/\/laurentodelain.com\/","title":{"rendered":"r\u00e9alisations"},"content":{"rendered":"\n<figure class=\"wp-block-image size-large is-style-default\"><a href=\"https:\/\/laurentodelain.com\/?page_id=1271\"><img loading=\"lazy\" decoding=\"async\" width=\"1024\" height=\"576\" src=\"https:\/\/laurentodelain.com\/wp-content\/uploads\/2024\/12\/CHAM-PLUIE-1-1024x576.jpg\" alt=\"\" class=\"wp-image-281\" srcset=\"https:\/\/laurentodelain.com\/wp-content\/uploads\/2024\/12\/CHAM-PLUIE-1-1024x576.jpg 1024w, https:\/\/laurentodelain.com\/wp-content\/uploads\/2024\/12\/CHAM-PLUIE-1-300x169.jpg 300w, https:\/\/laurentodelain.com\/wp-content\/uploads\/2024\/12\/CHAM-PLUIE-1-768x432.jpg 768w, https:\/\/laurentodelain.com\/wp-content\/uploads\/2024\/12\/CHAM-PLUIE-1.jpg 1181w\" sizes=\"auto, (max-width: 1024px) 100vw, 1024px\" \/><\/a><\/figure>\n\n\n\n<p class=\"has-text-align-right has-text-color has-link-color wp-elements-4bbecc0c1d4e25eb0a7506e74f2aa689\" style=\"color:#00000070;font-size:10px\">les sept jalonneuses<\/p>\n\n\n\n<div style=\"height:20px\" aria-hidden=\"true\" class=\"wp-block-spacer\"><\/div>\n\n\n\n<figure class=\"wp-block-image size-large\"><a href=\"https:\/\/laurentodelain.com\/index.php\/chagrin-rouge-page-1\/\"><img loading=\"lazy\" decoding=\"async\" width=\"1024\" height=\"576\" src=\"https:\/\/laurentodelain.com\/wp-content\/uploads\/2024\/12\/1_CHAGRIN-ROUGE_image-issue-dune-video_plage-de-Stogi_Gdansk_Pologne-\u00a9-Laurent-Odelain-2021-2022-1024x576.jpg\" alt=\"\" class=\"wp-image-381\" srcset=\"https:\/\/laurentodelain.com\/wp-content\/uploads\/2024\/12\/1_CHAGRIN-ROUGE_image-issue-dune-video_plage-de-Stogi_Gdansk_Pologne-\u00a9-Laurent-Odelain-2021-2022-1024x576.jpg 1024w, https:\/\/laurentodelain.com\/wp-content\/uploads\/2024\/12\/1_CHAGRIN-ROUGE_image-issue-dune-video_plage-de-Stogi_Gdansk_Pologne-\u00a9-Laurent-Odelain-2021-2022-300x169.jpg 300w, https:\/\/laurentodelain.com\/wp-content\/uploads\/2024\/12\/1_CHAGRIN-ROUGE_image-issue-dune-video_plage-de-Stogi_Gdansk_Pologne-\u00a9-Laurent-Odelain-2021-2022-768x432.jpg 768w, https:\/\/laurentodelain.com\/wp-content\/uploads\/2024\/12\/1_CHAGRIN-ROUGE_image-issue-dune-video_plage-de-Stogi_Gdansk_Pologne-\u00a9-Laurent-Odelain-2021-2022-1536x864.jpg 1536w, https:\/\/laurentodelain.com\/wp-content\/uploads\/2024\/12\/1_CHAGRIN-ROUGE_image-issue-dune-video_plage-de-Stogi_Gdansk_Pologne-\u00a9-Laurent-Odelain-2021-2022-2048x1152.jpg 2048w\" sizes=\"auto, (max-width: 1024px) 100vw, 1024px\" \/><\/a><\/figure>\n\n\n\n<p class=\"has-text-align-right has-text-color has-link-color wp-elements-b10b425371d57f6407deec1bc3a25c7f\" style=\"color:#00000070;font-size:10px\">chagrin rouge<\/p>\n\n\n\n<div style=\"height:20px\" aria-hidden=\"true\" class=\"wp-block-spacer\"><\/div>\n\n\n\n<figure class=\"wp-block-image size-large\"><img loading=\"lazy\" decoding=\"async\" width=\"1024\" height=\"576\" src=\"https:\/\/laurentodelain.com\/wp-content\/uploads\/2024\/12\/apo-allonge-2-1024x576.jpg\" alt=\"\" class=\"wp-image-331\" srcset=\"https:\/\/laurentodelain.com\/wp-content\/uploads\/2024\/12\/apo-allonge-2-1024x576.jpg 1024w, https:\/\/laurentodelain.com\/wp-content\/uploads\/2024\/12\/apo-allonge-2-300x169.jpg 300w, https:\/\/laurentodelain.com\/wp-content\/uploads\/2024\/12\/apo-allonge-2-768x432.jpg 768w, https:\/\/laurentodelain.com\/wp-content\/uploads\/2024\/12\/apo-allonge-2-1536x864.jpg 1536w, https:\/\/laurentodelain.com\/wp-content\/uploads\/2024\/12\/apo-allonge-2-2048x1152.jpg 2048w\" sizes=\"auto, (max-width: 1024px) 100vw, 1024px\" \/><\/figure>\n\n\n\n<p class=\"has-text-align-right has-text-color has-link-color wp-elements-000f483fbbdba15ba7c6782dabf46070\" style=\"color:#00000070;font-size:10px\">apo-\u00e8dre<\/p>\n\n\n\n<div style=\"height:20px\" aria-hidden=\"true\" class=\"wp-block-spacer\"><\/div>\n\n\n\n<figure class=\"wp-block-image size-full\"><img loading=\"lazy\" decoding=\"async\" width=\"1181\" height=\"665\" src=\"http:\/\/laurentodelain.com\/wp-content\/uploads\/2024\/12\/Laurent-Odelain_Horopis-1bis-1.jpg\" alt=\"\" class=\"wp-image-283\" srcset=\"https:\/\/laurentodelain.com\/wp-content\/uploads\/2024\/12\/Laurent-Odelain_Horopis-1bis-1.jpg 1181w, https:\/\/laurentodelain.com\/wp-content\/uploads\/2024\/12\/Laurent-Odelain_Horopis-1bis-1-300x169.jpg 300w, https:\/\/laurentodelain.com\/wp-content\/uploads\/2024\/12\/Laurent-Odelain_Horopis-1bis-1-1024x577.jpg 1024w, https:\/\/laurentodelain.com\/wp-content\/uploads\/2024\/12\/Laurent-Odelain_Horopis-1bis-1-768x432.jpg 768w\" sizes=\"auto, (max-width: 1181px) 100vw, 1181px\" \/><\/figure>\n\n\n\n<p class=\"has-text-align-right has-text-color has-link-color wp-elements-5653aa557b32f523a9e5b2b51d7a1f8c\" style=\"color:#00000070;font-size:10px\">horopis a vodopis<\/p>\n\n\n\n<div style=\"height:20px\" aria-hidden=\"true\" class=\"wp-block-spacer\"><\/div>\n\n\n\n<figure class=\"wp-block-image size-large\"><img loading=\"lazy\" decoding=\"async\" width=\"2560\" height=\"1439\" src=\"https:\/\/laurentodelain.com\/wp-content\/uploads\/2024\/12\/2-VEINE-FAUVE-1-edited-scaled.jpg\" alt=\"\" class=\"wp-image-413\" style=\"aspect-ratio:16\/9;object-fit:cover\" srcset=\"https:\/\/laurentodelain.com\/wp-content\/uploads\/2024\/12\/2-VEINE-FAUVE-1-edited-scaled.jpg 2560w, https:\/\/laurentodelain.com\/wp-content\/uploads\/2024\/12\/2-VEINE-FAUVE-1-edited-300x169.jpg 300w, https:\/\/laurentodelain.com\/wp-content\/uploads\/2024\/12\/2-VEINE-FAUVE-1-edited-1024x576.jpg 1024w, https:\/\/laurentodelain.com\/wp-content\/uploads\/2024\/12\/2-VEINE-FAUVE-1-edited-768x432.jpg 768w, https:\/\/laurentodelain.com\/wp-content\/uploads\/2024\/12\/2-VEINE-FAUVE-1-edited-1536x864.jpg 1536w, https:\/\/laurentodelain.com\/wp-content\/uploads\/2024\/12\/2-VEINE-FAUVE-1-edited-2048x1152.jpg 2048w\" sizes=\"auto, (max-width: 2560px) 100vw, 2560px\" \/><\/figure>\n\n\n\n<p class=\"has-text-align-right has-text-color has-link-color wp-elements-4840f0852f112f2f7dc2e8d4ed65214d\" style=\"color:#00000070;font-size:10px\">veine fauve<\/p>\n\n\n\n<div style=\"height:20px\" aria-hidden=\"true\" class=\"wp-block-spacer\"><\/div>\n\n\n\n<figure class=\"wp-block-image size-large\"><img loading=\"lazy\" decoding=\"async\" width=\"1024\" height=\"576\" src=\"https:\/\/laurentodelain.com\/wp-content\/uploads\/2024\/12\/scie-et-bras-Capture-decran-2021-03-19-a-17.32.29-1024x576.jpg\" alt=\"\" class=\"wp-image-441\" style=\"aspect-ratio:16\/9;object-fit:cover\" srcset=\"https:\/\/laurentodelain.com\/wp-content\/uploads\/2024\/12\/scie-et-bras-Capture-decran-2021-03-19-a-17.32.29-1024x576.jpg 1024w, https:\/\/laurentodelain.com\/wp-content\/uploads\/2024\/12\/scie-et-bras-Capture-decran-2021-03-19-a-17.32.29-300x169.jpg 300w, https:\/\/laurentodelain.com\/wp-content\/uploads\/2024\/12\/scie-et-bras-Capture-decran-2021-03-19-a-17.32.29-768x432.jpg 768w, https:\/\/laurentodelain.com\/wp-content\/uploads\/2024\/12\/scie-et-bras-Capture-decran-2021-03-19-a-17.32.29-1536x864.jpg 1536w, https:\/\/laurentodelain.com\/wp-content\/uploads\/2024\/12\/scie-et-bras-Capture-decran-2021-03-19-a-17.32.29-2048x1152.jpg 2048w\" sizes=\"auto, (max-width: 1024px) 100vw, 1024px\" \/><\/figure>\n\n\n\n<p class=\"has-text-align-right has-text-color has-link-color wp-elements-7ee0b9febc645c33382be050c8c006eb\" style=\"color:#00000070;font-size:10px\">morceau de craie<\/p>\n\n\n\n<div style=\"height:20px\" aria-hidden=\"true\" class=\"wp-block-spacer\"><\/div>\n\n\n\n<figure class=\"wp-block-image size-large\"><img loading=\"lazy\" decoding=\"async\" width=\"1024\" height=\"576\" src=\"https:\/\/laurentodelain.com\/wp-content\/uploads\/2024\/12\/2-4-1024x576.jpg\" alt=\"\" class=\"wp-image-423\" style=\"aspect-ratio:16\/9;object-fit:cover\" srcset=\"https:\/\/laurentodelain.com\/wp-content\/uploads\/2024\/12\/2-4-1024x576.jpg 1024w, https:\/\/laurentodelain.com\/wp-content\/uploads\/2024\/12\/2-4-300x169.jpg 300w, https:\/\/laurentodelain.com\/wp-content\/uploads\/2024\/12\/2-4-768x432.jpg 768w, https:\/\/laurentodelain.com\/wp-content\/uploads\/2024\/12\/2-4-1536x864.jpg 1536w, https:\/\/laurentodelain.com\/wp-content\/uploads\/2024\/12\/2-4-2048x1152.jpg 2048w\" sizes=\"auto, (max-width: 1024px) 100vw, 1024px\" \/><\/figure>\n\n\n\n<p class=\"has-text-align-right has-text-color has-link-color wp-elements-3628e16d383ca9cc0971cf39430a710c\" style=\"color:#00000070;font-size:10px\">pilgrim plexus<\/p>\n\n\n\n<div style=\"height:20px\" aria-hidden=\"true\" class=\"wp-block-spacer\"><\/div>\n\n\n\n<figure class=\"wp-block-image size-full\"><a href=\"http:\/\/laurentodelain.com\/wp-content\/uploads\/2025\/02\/Laurent-Odelain_Publication-FRAC-alsace_Residence-Croisee-a-Langage-Plus-2017.pdf\"><img loading=\"lazy\" decoding=\"async\" width=\"756\" height=\"425\" src=\"https:\/\/laurentodelain.com\/wp-content\/uploads\/2024\/12\/chasseur-1.jpg\" alt=\"\" class=\"wp-image-373\" style=\"aspect-ratio:16\/9;object-fit:cover\" srcset=\"https:\/\/laurentodelain.com\/wp-content\/uploads\/2024\/12\/chasseur-1.jpg 756w, https:\/\/laurentodelain.com\/wp-content\/uploads\/2024\/12\/chasseur-1-300x169.jpg 300w\" sizes=\"auto, (max-width: 756px) 100vw, 756px\" \/><\/a><\/figure>\n\n\n\n<p class=\"has-text-align-right has-text-color has-link-color wp-elements-811462766ff00dd2cacfe6e82e29e0b7\" style=\"color:#00000070;font-size:10px\">\u00e9missaire<\/p>\n\n\n\n<div style=\"height:20px\" aria-hidden=\"true\" class=\"wp-block-spacer\"><\/div>\n\n\n\n<figure class=\"wp-block-image size-full\"><img loading=\"lazy\" decoding=\"async\" width=\"1181\" height=\"664\" src=\"https:\/\/laurentodelain.com\/wp-content\/uploads\/2025\/01\/demater-groupe.jpg\" alt=\"\" class=\"wp-image-620\" style=\"aspect-ratio:16\/9;object-fit:cover\" srcset=\"https:\/\/laurentodelain.com\/wp-content\/uploads\/2025\/01\/demater-groupe.jpg 1181w, https:\/\/laurentodelain.com\/wp-content\/uploads\/2025\/01\/demater-groupe-300x169.jpg 300w, https:\/\/laurentodelain.com\/wp-content\/uploads\/2025\/01\/demater-groupe-1024x576.jpg 1024w, https:\/\/laurentodelain.com\/wp-content\/uploads\/2025\/01\/demater-groupe-768x432.jpg 768w\" sizes=\"auto, (max-width: 1181px) 100vw, 1181px\" \/><\/figure>\n\n\n\n<p class=\"has-text-align-right has-text-color has-link-color wp-elements-8698d9b1be271dec6ca5eac738b56a6e\" style=\"color:#00000070;font-size:10px\">d\u00e9m\u00e2ter<\/p>\n\n\n\n<div style=\"height:20px\" aria-hidden=\"true\" class=\"wp-block-spacer\"><\/div>\n\n\n\n<figure class=\"wp-block-image size-full\"><img loading=\"lazy\" decoding=\"async\" width=\"1476\" height=\"830\" src=\"https:\/\/laurentodelain.com\/wp-content\/uploads\/2024\/12\/Marotte-2.jpg\" alt=\"\" class=\"wp-image-438\" srcset=\"https:\/\/laurentodelain.com\/wp-content\/uploads\/2024\/12\/Marotte-2.jpg 1476w, https:\/\/laurentodelain.com\/wp-content\/uploads\/2024\/12\/Marotte-2-300x169.jpg 300w, https:\/\/laurentodelain.com\/wp-content\/uploads\/2024\/12\/Marotte-2-1024x576.jpg 1024w, https:\/\/laurentodelain.com\/wp-content\/uploads\/2024\/12\/Marotte-2-768x432.jpg 768w\" sizes=\"auto, (max-width: 1476px) 100vw, 1476px\" \/><\/figure>\n\n\n\n<p class=\"has-text-align-right has-text-color has-link-color wp-elements-9a3765fb9ed1c0cae79ad4f15f1a9ad3\" style=\"color:#00000070;font-size:10px\">marotte<\/p>\n\n\n\n<div style=\"height:20px\" aria-hidden=\"true\" class=\"wp-block-spacer\"><\/div>\n\n\n\n<figure class=\"wp-block-image size-full\"><img loading=\"lazy\" decoding=\"async\" width=\"756\" height=\"425\" src=\"https:\/\/laurentodelain.com\/wp-content\/uploads\/2024\/12\/RIED13-1.jpg\" alt=\"\" class=\"wp-image-379\" style=\"aspect-ratio:16\/9;object-fit:contain\" srcset=\"https:\/\/laurentodelain.com\/wp-content\/uploads\/2024\/12\/RIED13-1.jpg 756w, https:\/\/laurentodelain.com\/wp-content\/uploads\/2024\/12\/RIED13-1-300x169.jpg 300w\" sizes=\"auto, (max-width: 756px) 100vw, 756px\" \/><\/figure>\n\n\n\n<p class=\"has-text-align-right has-text-color has-link-color wp-elements-34039c67faa3277e812b7a7a202fda06\" style=\"color:#00000070;font-size:10px\">riedgartu<\/p>\n\n\n\n<div style=\"height:20px\" aria-hidden=\"true\" class=\"wp-block-spacer\"><\/div>\n\n\n\n<figure class=\"wp-block-image size-full\"><img loading=\"lazy\" decoding=\"async\" width=\"1147\" height=\"645\" src=\"https:\/\/laurentodelain.com\/wp-content\/uploads\/2024\/12\/LAURENT-ODELAIN_FRIOUL_2016-edited.jpg\" alt=\"\" class=\"wp-image-428\" style=\"aspect-ratio:16\/9;object-fit:contain\" srcset=\"https:\/\/laurentodelain.com\/wp-content\/uploads\/2024\/12\/LAURENT-ODELAIN_FRIOUL_2016-edited.jpg 1147w, https:\/\/laurentodelain.com\/wp-content\/uploads\/2024\/12\/LAURENT-ODELAIN_FRIOUL_2016-edited-300x169.jpg 300w, https:\/\/laurentodelain.com\/wp-content\/uploads\/2024\/12\/LAURENT-ODELAIN_FRIOUL_2016-edited-1024x576.jpg 1024w, https:\/\/laurentodelain.com\/wp-content\/uploads\/2024\/12\/LAURENT-ODELAIN_FRIOUL_2016-edited-768x432.jpg 768w\" sizes=\"auto, (max-width: 1147px) 100vw, 1147px\" \/><\/figure>\n\n\n\n<p class=\"has-text-align-right has-text-color has-link-color wp-elements-c84cefadae3736ff3b1a1b3edf6cfe7c\" style=\"color:#00000070;font-size:10px\">frioul<\/p>\n\n\n\n<div style=\"height:20px\" aria-hidden=\"true\" class=\"wp-block-spacer\"><\/div>\n\n\n\n<figure class=\"wp-block-image size-full\"><img loading=\"lazy\" decoding=\"async\" width=\"1181\" height=\"665\" src=\"https:\/\/laurentodelain.com\/wp-content\/uploads\/2025\/01\/pasteque-32.jpg\" alt=\"\" class=\"wp-image-613\" style=\"aspect-ratio:16\/9;object-fit:contain\" srcset=\"https:\/\/laurentodelain.com\/wp-content\/uploads\/2025\/01\/pasteque-32.jpg 1181w, https:\/\/laurentodelain.com\/wp-content\/uploads\/2025\/01\/pasteque-32-300x169.jpg 300w, https:\/\/laurentodelain.com\/wp-content\/uploads\/2025\/01\/pasteque-32-1024x577.jpg 1024w, https:\/\/laurentodelain.com\/wp-content\/uploads\/2025\/01\/pasteque-32-768x432.jpg 768w\" sizes=\"auto, (max-width: 1181px) 100vw, 1181px\" \/><\/figure>\n\n\n\n<p class=\"has-text-align-right has-text-color has-link-color wp-elements-d0e283b7814e7469b5d1abed31085a63\" style=\"color:#00000070;font-size:10px\">past\u00e8que<\/p>\n\n\n\n<div style=\"height:20px\" aria-hidden=\"true\" class=\"wp-block-spacer\"><\/div>\n\n\n\n<figure class=\"wp-block-image size-full\"><img loading=\"lazy\" decoding=\"async\" width=\"1050\" height=\"591\" src=\"https:\/\/laurentodelain.com\/wp-content\/uploads\/2024\/12\/11_ROC_\u00a9-Laurent-Odelain-2015.jpg\" alt=\"\" class=\"wp-image-398\" style=\"aspect-ratio:16\/9;object-fit:contain\" srcset=\"https:\/\/laurentodelain.com\/wp-content\/uploads\/2024\/12\/11_ROC_\u00a9-Laurent-Odelain-2015.jpg 1050w, https:\/\/laurentodelain.com\/wp-content\/uploads\/2024\/12\/11_ROC_\u00a9-Laurent-Odelain-2015-300x169.jpg 300w, https:\/\/laurentodelain.com\/wp-content\/uploads\/2024\/12\/11_ROC_\u00a9-Laurent-Odelain-2015-1024x576.jpg 1024w, https:\/\/laurentodelain.com\/wp-content\/uploads\/2024\/12\/11_ROC_\u00a9-Laurent-Odelain-2015-768x432.jpg 768w\" sizes=\"auto, (max-width: 1050px) 100vw, 1050px\" \/><\/figure>\n\n\n\n<p class=\"has-text-align-right has-text-color has-link-color wp-elements-ff69aff7c10c4b2c47af95b48ffd1600\" style=\"color:#00000070;font-size:10px\">roc<\/p>\n\n\n\n<div style=\"height:20px\" aria-hidden=\"true\" class=\"wp-block-spacer\"><\/div>\n\n\n\n<figure class=\"wp-block-image size-full\"><img loading=\"lazy\" decoding=\"async\" width=\"1260\" height=\"709\" src=\"https:\/\/laurentodelain.com\/wp-content\/uploads\/2024\/12\/laurent_odelain_les_gels.jpg\" alt=\"\" class=\"wp-image-403\" style=\"aspect-ratio:16\/9;object-fit:contain\" srcset=\"https:\/\/laurentodelain.com\/wp-content\/uploads\/2024\/12\/laurent_odelain_les_gels.jpg 1260w, https:\/\/laurentodelain.com\/wp-content\/uploads\/2024\/12\/laurent_odelain_les_gels-300x169.jpg 300w, https:\/\/laurentodelain.com\/wp-content\/uploads\/2024\/12\/laurent_odelain_les_gels-1024x576.jpg 1024w, https:\/\/laurentodelain.com\/wp-content\/uploads\/2024\/12\/laurent_odelain_les_gels-768x432.jpg 768w\" sizes=\"auto, (max-width: 1260px) 100vw, 1260px\" \/><\/figure>\n\n\n\n<p class=\"has-text-align-right has-text-color has-link-color wp-elements-c99b95db2d6e8cfade0fb69db1cb81a4\" style=\"color:#00000070;font-size:10px\">les gels<\/p>\n\n\n\n<div style=\"height:20px\" aria-hidden=\"true\" class=\"wp-block-spacer\"><\/div>\n\n\n\n<figure class=\"wp-block-image size-full\"><img loading=\"lazy\" decoding=\"async\" width=\"1181\" height=\"665\" src=\"https:\/\/laurentodelain.com\/wp-content\/uploads\/2025\/01\/balise-legere.jpg\" alt=\"\" class=\"wp-image-575\" style=\"aspect-ratio:16\/9;object-fit:contain\" srcset=\"https:\/\/laurentodelain.com\/wp-content\/uploads\/2025\/01\/balise-legere.jpg 1181w, https:\/\/laurentodelain.com\/wp-content\/uploads\/2025\/01\/balise-legere-300x169.jpg 300w, https:\/\/laurentodelain.com\/wp-content\/uploads\/2025\/01\/balise-legere-1024x577.jpg 1024w, https:\/\/laurentodelain.com\/wp-content\/uploads\/2025\/01\/balise-legere-768x432.jpg 768w\" sizes=\"auto, (max-width: 1181px) 100vw, 1181px\" \/><\/figure>\n\n\n\n<p class=\"has-text-align-right has-text-color has-link-color wp-elements-5ce8f3574b362c73ca6e095b0f8863cd\" style=\"color:#00000070;font-size:10px\">balise<\/p>\n\n\n\n<div style=\"height:20px\" aria-hidden=\"true\" class=\"wp-block-spacer\"><\/div>\n\n\n\n<figure class=\"wp-block-image size-large\"><img loading=\"lazy\" decoding=\"async\" width=\"1024\" height=\"576\" src=\"https:\/\/laurentodelain.com\/wp-content\/uploads\/2025\/01\/Laurent-Odelain_jeter-une-pierre-page-1-ok-150-1024x576.jpg\" alt=\"\" class=\"wp-image-513\" srcset=\"https:\/\/laurentodelain.com\/wp-content\/uploads\/2025\/01\/Laurent-Odelain_jeter-une-pierre-page-1-ok-150-1024x576.jpg 1024w, https:\/\/laurentodelain.com\/wp-content\/uploads\/2025\/01\/Laurent-Odelain_jeter-une-pierre-page-1-ok-150-300x169.jpg 300w, https:\/\/laurentodelain.com\/wp-content\/uploads\/2025\/01\/Laurent-Odelain_jeter-une-pierre-page-1-ok-150-768x432.jpg 768w, https:\/\/laurentodelain.com\/wp-content\/uploads\/2025\/01\/Laurent-Odelain_jeter-une-pierre-page-1-ok-150.jpg 1181w\" sizes=\"auto, (max-width: 1024px) 100vw, 1024px\" \/><\/figure>\n\n\n\n<p class=\"has-text-align-right has-text-color has-link-color wp-elements-31b169f0d02214531f0c9b8e0e030882\" style=\"color:#00000070;font-size:10px\">jeter une pierre apr\u00e8s l&#8217;orage<\/p>\n\n\n\n<div style=\"height:20px\" aria-hidden=\"true\" class=\"wp-block-spacer\"><\/div>\n\n\n\n<figure class=\"wp-block-image size-large\"><img loading=\"lazy\" decoding=\"async\" width=\"1024\" height=\"576\" src=\"https:\/\/laurentodelain.com\/wp-content\/uploads\/2025\/01\/INFRA-42-plus-large-1024x576.jpg\" alt=\"\" class=\"wp-image-586\" srcset=\"https:\/\/laurentodelain.com\/wp-content\/uploads\/2025\/01\/INFRA-42-plus-large-1024x576.jpg 1024w, https:\/\/laurentodelain.com\/wp-content\/uploads\/2025\/01\/INFRA-42-plus-large-300x169.jpg 300w, https:\/\/laurentodelain.com\/wp-content\/uploads\/2025\/01\/INFRA-42-plus-large-768x432.jpg 768w, https:\/\/laurentodelain.com\/wp-content\/uploads\/2025\/01\/INFRA-42-plus-large.jpg 1181w\" sizes=\"auto, (max-width: 1024px) 100vw, 1024px\" \/><\/figure>\n\n\n\n<p class=\"has-text-align-right has-text-color has-link-color wp-elements-5fa774b2a53bc91f9534f4e1ba3352d6\" style=\"color:#00000070;font-size:10px\">infrastructures<\/p>\n\n\n\n<div style=\"height:20px\" aria-hidden=\"true\" class=\"wp-block-spacer\"><\/div>\n\n\n\n<figure class=\"wp-block-image size-large\"><img loading=\"lazy\" decoding=\"async\" width=\"1024\" height=\"576\" src=\"https:\/\/laurentodelain.com\/wp-content\/uploads\/2025\/01\/2lammassaari-8-1024x576.jpg\" alt=\"\" class=\"wp-image-546\" srcset=\"https:\/\/laurentodelain.com\/wp-content\/uploads\/2025\/01\/2lammassaari-8-1024x576.jpg 1024w, https:\/\/laurentodelain.com\/wp-content\/uploads\/2025\/01\/2lammassaari-8-300x169.jpg 300w, https:\/\/laurentodelain.com\/wp-content\/uploads\/2025\/01\/2lammassaari-8-768x432.jpg 768w, https:\/\/laurentodelain.com\/wp-content\/uploads\/2025\/01\/2lammassaari-8.jpg 1181w\" sizes=\"auto, (max-width: 1024px) 100vw, 1024px\" \/><\/figure>\n\n\n\n<p class=\"has-text-align-right has-text-color has-link-color wp-elements-fd626bb86bc783bd631b099d5f1d9ec1\" style=\"color:#00000070;font-size:10px\">lammassaari<\/p>\n\n\n\n<div style=\"height:20px\" aria-hidden=\"true\" class=\"wp-block-spacer\"><\/div>\n\n\n\n<figure class=\"wp-block-image size-full\"><img loading=\"lazy\" decoding=\"async\" width=\"756\" height=\"425\" src=\"https:\/\/laurentodelain.com\/wp-content\/uploads\/2024\/12\/ramette3-1.jpg\" alt=\"\" class=\"wp-image-405\" style=\"aspect-ratio:16\/9;object-fit:contain\" srcset=\"https:\/\/laurentodelain.com\/wp-content\/uploads\/2024\/12\/ramette3-1.jpg 756w, https:\/\/laurentodelain.com\/wp-content\/uploads\/2024\/12\/ramette3-1-300x169.jpg 300w\" sizes=\"auto, (max-width: 756px) 100vw, 756px\" \/><\/figure>\n\n\n\n<p class=\"has-text-align-right has-text-color has-link-color wp-elements-2d492563dd0a55ea88a1aacabf43281a\" style=\"color:#00000070;font-size:10px\">ramette<\/p>\n\n\n\n<div style=\"height:20px\" aria-hidden=\"true\" class=\"wp-block-spacer\"><\/div>\n\n\n\n<figure class=\"wp-block-image size-full\"><img loading=\"lazy\" decoding=\"async\" width=\"1181\" height=\"665\" src=\"https:\/\/laurentodelain.com\/wp-content\/uploads\/2025\/01\/LAURENT-ODELAIN_PERCHEE_2012.jpg\" alt=\"\" class=\"wp-image-566\" style=\"aspect-ratio:16\/9;object-fit:contain\" srcset=\"https:\/\/laurentodelain.com\/wp-content\/uploads\/2025\/01\/LAURENT-ODELAIN_PERCHEE_2012.jpg 1181w, https:\/\/laurentodelain.com\/wp-content\/uploads\/2025\/01\/LAURENT-ODELAIN_PERCHEE_2012-300x169.jpg 300w, https:\/\/laurentodelain.com\/wp-content\/uploads\/2025\/01\/LAURENT-ODELAIN_PERCHEE_2012-1024x577.jpg 1024w, https:\/\/laurentodelain.com\/wp-content\/uploads\/2025\/01\/LAURENT-ODELAIN_PERCHEE_2012-768x432.jpg 768w\" sizes=\"auto, (max-width: 1181px) 100vw, 1181px\" \/><\/figure>\n\n\n\n<p class=\"has-text-align-right has-text-color has-link-color wp-elements-2fded462c6dc517df4ca3a196d197b30\" style=\"color:#00000070;font-size:10px\">perch\u00e9e<\/p>\n\n\n\n<div style=\"height:20px\" aria-hidden=\"true\" class=\"wp-block-spacer\"><\/div>\n\n\n\n<figure class=\"wp-block-image size-full\"><img loading=\"lazy\" decoding=\"async\" width=\"740\" height=\"425\" src=\"https:\/\/laurentodelain.com\/wp-content\/uploads\/2024\/12\/2-3.jpg\" alt=\"\" class=\"wp-image-410\" style=\"aspect-ratio:16\/9;object-fit:cover\" srcset=\"https:\/\/laurentodelain.com\/wp-content\/uploads\/2024\/12\/2-3.jpg 740w, https:\/\/laurentodelain.com\/wp-content\/uploads\/2024\/12\/2-3-300x172.jpg 300w\" sizes=\"auto, (max-width: 740px) 100vw, 740px\" \/><\/figure>\n\n\n\n<p class=\"has-text-align-right has-text-color has-link-color wp-elements-0af21b83c0d3af9c59a18dc15bdbd43a\" style=\"color:#00000070;font-size:10px\">partie<\/p>\n\n\n\n<div style=\"height:20px\" aria-hidden=\"true\" class=\"wp-block-spacer\"><\/div>\n\n\n\n<figure class=\"wp-block-image size-full\"><img loading=\"lazy\" decoding=\"async\" width=\"1181\" height=\"664\" src=\"https:\/\/laurentodelain.com\/wp-content\/uploads\/2025\/01\/FAER-GLOBAL-1.jpg\" alt=\"\" class=\"wp-image-567\" style=\"aspect-ratio:16\/9;object-fit:cover\" srcset=\"https:\/\/laurentodelain.com\/wp-content\/uploads\/2025\/01\/FAER-GLOBAL-1.jpg 1181w, https:\/\/laurentodelain.com\/wp-content\/uploads\/2025\/01\/FAER-GLOBAL-1-300x169.jpg 300w, https:\/\/laurentodelain.com\/wp-content\/uploads\/2025\/01\/FAER-GLOBAL-1-1024x576.jpg 1024w, https:\/\/laurentodelain.com\/wp-content\/uploads\/2025\/01\/FAER-GLOBAL-1-768x432.jpg 768w\" sizes=\"auto, (max-width: 1181px) 100vw, 1181px\" \/><\/figure>\n\n\n\n<p class=\"has-text-align-right has-text-color has-link-color wp-elements-f00fbfb48ff175daa611acf6e2af7006\" style=\"color:#00000070;font-size:10px\">faer<\/p>\n\n\n\n<div style=\"height:20px\" aria-hidden=\"true\" class=\"wp-block-spacer\"><\/div>\n\n\n\n<figure class=\"wp-block-image size-full\"><img loading=\"lazy\" decoding=\"async\" width=\"1181\" height=\"664\" src=\"https:\/\/laurentodelain.com\/wp-content\/uploads\/2025\/01\/saillie-capta-1.jpg\" alt=\"\" class=\"wp-image-584\" style=\"aspect-ratio:16\/9;object-fit:cover\" srcset=\"https:\/\/laurentodelain.com\/wp-content\/uploads\/2025\/01\/saillie-capta-1.jpg 1181w, https:\/\/laurentodelain.com\/wp-content\/uploads\/2025\/01\/saillie-capta-1-300x169.jpg 300w, https:\/\/laurentodelain.com\/wp-content\/uploads\/2025\/01\/saillie-capta-1-1024x576.jpg 1024w, https:\/\/laurentodelain.com\/wp-content\/uploads\/2025\/01\/saillie-capta-1-768x432.jpg 768w\" sizes=\"auto, (max-width: 1181px) 100vw, 1181px\" \/><\/figure>\n\n\n\n<p class=\"has-text-align-right has-text-color has-link-color wp-elements-b7678fbbdb10b793e110dc79c800e132\" style=\"color:#00000070;font-size:10px\">saillie<\/p>\n\n\n\n<div style=\"height:20px\" aria-hidden=\"true\" class=\"wp-block-spacer\"><\/div>\n\n\n\n<figure class=\"wp-block-image size-large\"><img loading=\"lazy\" decoding=\"async\" width=\"1024\" height=\"572\" src=\"https:\/\/laurentodelain.com\/wp-content\/uploads\/2025\/01\/laurent-odelain_topique-1_2011-1024x572.jpg\" alt=\"\" class=\"wp-image-510\" srcset=\"https:\/\/laurentodelain.com\/wp-content\/uploads\/2025\/01\/laurent-odelain_topique-1_2011-1024x572.jpg 1024w, https:\/\/laurentodelain.com\/wp-content\/uploads\/2025\/01\/laurent-odelain_topique-1_2011-300x168.jpg 300w, https:\/\/laurentodelain.com\/wp-content\/uploads\/2025\/01\/laurent-odelain_topique-1_2011-768x429.jpg 768w, https:\/\/laurentodelain.com\/wp-content\/uploads\/2025\/01\/laurent-odelain_topique-1_2011.jpg 1181w\" sizes=\"auto, (max-width: 1024px) 100vw, 1024px\" \/><\/figure>\n\n\n\n<p class=\"has-text-align-right has-text-color has-link-color wp-elements-360cea1a20f23b07587360dcdb83ace3\" style=\"color:#00000070;font-size:10px\">la topique<\/p>\n\n\n\n<div style=\"height:20px\" aria-hidden=\"true\" class=\"wp-block-spacer\"><\/div>\n","protected":false},"excerpt":{"rendered":"<p>les sept jalonneuses chagrin rouge apo-\u00e8dre horopis a vodopis veine fauve morceau de craie pilgrim plexus \u00e9missaire d\u00e9m\u00e2ter marotte riedgartu frioul past\u00e8que roc les gels balise jeter une pierre apr\u00e8s l&#8217;orage infrastructures lammassaari ramette perch\u00e9e partie faer saillie la topique<\/p>\n","protected":false},"author":1,"featured_media":0,"parent":0,"menu_order":0,"comment_status":"closed","ping_status":"closed","template":"","meta":{"footnotes":""},"class_list":["post-203","page","type-page","status-publish","hentry"],"_links":{"self":[{"href":"https:\/\/laurentodelain.com\/index.php\/wp-json\/wp\/v2\/pages\/203","targetHints":{"allow":["GET"]}}],"collection":[{"href":"https:\/\/laurentodelain.com\/index.php\/wp-json\/wp\/v2\/pages"}],"about":[{"href":"https:\/\/laurentodelain.com\/index.php\/wp-json\/wp\/v2\/types\/page"}],"author":[{"embeddable":true,"href":"https:\/\/laurentodelain.com\/index.php\/wp-json\/wp\/v2\/users\/1"}],"replies":[{"embeddable":true,"href":"https:\/\/laurentodelain.com\/index.php\/wp-json\/wp\/v2\/comments?post=203"}],"version-history":[{"count":80,"href":"https:\/\/laurentodelain.com\/index.php\/wp-json\/wp\/v2\/pages\/203\/revisions"}],"predecessor-version":[{"id":1330,"href":"https:\/\/laurentodelain.com\/index.php\/wp-json\/wp\/v2\/pages\/203\/revisions\/1330"}],"wp:attachment":[{"href":"https:\/\/laurentodelain.com\/index.php\/wp-json\/wp\/v2\/media?parent=203"}],"curies":[{"name":"wp","href":"https:\/\/api.w.org\/{rel}","templated":true}]}}