{"id":307,"date":"2024-12-10T17:49:49","date_gmt":"2024-12-10T16:49:49","guid":{"rendered":"https:\/\/laurentodelain.com\/?page_id=307"},"modified":"2025-01-13T17:27:17","modified_gmt":"2025-01-13T16:27:17","slug":"dem","status":"publish","type":"page","link":"https:\/\/laurentodelain.com\/index.php\/dem\/","title":{"rendered":"about"},"content":{"rendered":"\n<p class=\"has-text-color has-link-color wp-elements-e0706eba6ec3b440a0042099de9dccaf\" style=\"color:#00000047;font-size:10px\">Laurent Odelain \u00b7 2024<\/p>\n\n\n\n<div style=\"height:1px\" aria-hidden=\"true\" class=\"wp-block-spacer\"><\/div>\n\n\n\n<div class=\"wp-block-group is-vertical is-layout-flex wp-container-core-group-is-layout-fe9cc265 wp-block-group-is-layout-flex\">\n<p style=\"font-size:12px\">Ma recherche s&#8217;articule autour de formes de <em>fictions actives<\/em>.<\/p>\n<\/div>\n\n\n\n<p style=\"font-size:12px\">Je m\u2019immisce dans les <em>interstices<\/em>, les espaces o\u00f9 se m\u00ealent le dessein humain et la force sauvage. J&#8217;aborde les questions du mythe et de l&#8217;\u00e9cologie en m&#8217;attachant aux g\u00e9ographies, qu&#8217;elles soient scientifiques, culturelles ou sensibles. Dans l&#8217;\u00e9coute des lieux et de ce qui les peuple, je d\u00e9rive dans les directions que me propose le terrain qui m&#8217;accueille. <\/p>\n\n\n\n<p style=\"font-size:12px\">Le rendez-vous avec ce <em>territoire source<\/em> et les atmosph\u00e8res qu&#8217;il charrie est fondateur. On se c\u00f4toie un certain temps et c&#8217;est alors que je collecte les \u00e9l\u00e9ments structurants l&#8217;imaginaire qui prendra forme. Chemin faisant, je passe du r\u00f4le d&#8217;arpenteur \u00e0 celui de narrateur.<\/p>\n\n\n\n<p style=\"font-size:12px\">J&#8217;aime \u00e0 sentir que le terrain discerne ma pr\u00e9sence. Il sait que l&#8217;on progresse ensemble. Il m&#8217;observe quand je m&#8217;approche pour nouer contact, cherchant un fragment de lui \u2013 qui le dessine ou le forge \u2013 pour me l&#8217;approprier et en faire notre \u00e9tendard, vecteur de m\u00e9tamorphoses. <\/p>\n\n\n\n<p style=\"font-size:12px\">Mon corps d\u00e9signe un point d&#8217;\u00e9quilibre, une balance o\u00f9 se croisent des devenirs\u00a0: l&#8217;art tient du surgissement, de la surprise puis de la transformation.<\/p>\n\n\n\n<div style=\"height:1px\" aria-hidden=\"true\" class=\"wp-block-spacer\"><\/div>\n\n\n\n<p class=\"has-text-color has-link-color wp-elements-bbac4e6d5212c75ca31f283e6f67f4d6\" style=\"color:#00000078;font-size:12px\">My research revolves around forms of <em>active fictions<\/em>.<\/p>\n\n\n\n<p class=\"has-text-color has-link-color wp-elements-3f689420cda40bc29c3bee3670125106\" style=\"color:#00000078;font-size:12px\">I intrude into <em>interstices<\/em>, spaces where human design and wild force mingle. I approach questions of myth and ecology by focusing on geographies, whether scientific, cultural or sensitive. Listening to places and wthat populates them, I drift in the directions suggested by land that welcomes me.<\/p>\n\n\n\n<p class=\"has-text-color has-link-color wp-elements-d35d0bcdaed1e548d262e088444afcd0\" style=\"color:#00000078;font-size:12px\">The encounter with this <em>source territory<\/em> and the atmospheres it conveys is foundational. We rub shoulders for a while, and it&#8217;s then that I gather the elements that structure the imaginary that will take shape. Along the way, I pass from the role of explorer to that of narrator.<\/p>\n\n\n\n<p class=\"has-text-color has-link-color wp-elements-fc6f1ed22a97efdf48c85902fb48147e\" style=\"color:#00000078;font-size:12px\">I like to feel that land discerns my presence. It knows we&#8217;re progressing together. It observes me when I approach to make contact, looking for a fragment of it \u2013 that draws it or forges it \u2013 to make it my own and turn it into our banner, vector of metamorphosis. <\/p>\n\n\n\n<p class=\"has-text-color has-link-color wp-elements-7b087de98bbed6d684c71edff119bf59\" style=\"color:#00000078;font-size:12px\">My body is a point of balance, a scale where becomings intersect: art is about arising, surprise and then transformation.<\/p>\n\n\n\n<p class=\"has-text-align-left has-x-small-font-size\">&#8230;<\/p>\n\n\n\n<div style=\"height:1px\" aria-hidden=\"true\" class=\"wp-block-spacer\"><\/div>\n\n\n\n<p class=\"has-text-color has-link-color wp-elements-680a2c8acba675517ed14934e93697ae\" style=\"color:#00000047;font-size:10px\"><br>\u00c9lodie Galina &#8211; Ceaac \u00b7 2022<\/p>\n\n\n\n<div style=\"height:1px\" aria-hidden=\"true\" class=\"wp-block-spacer\"><\/div>\n\n\n\n<div class=\"wp-block-group has-global-padding is-layout-constrained wp-block-group-is-layout-constrained\">\n<p style=\"font-size:12px\">Laurent Odelain s\u2019int\u00e9resse \u00e0 la g\u00e9ographie et \u00e0 l\u2019\u00e9cologie. Sa d\u00e9marche repose sur l\u2019attention au paysage et l\u2019exp\u00e9rience du vivant. \u00c0 travers l\u2019exploration de territoires, l\u2019artiste glane des mat\u00e9riaux \u2012 images, sons, objets \u2012 qui forment la gen\u00e8se de ses \u0153uvres. Entre r\u00e9alit\u00e9 prosa\u00efque et r\u00e9cits imaginaires, Laurent Odelain manipule l\u2019existant pour en d\u00e9voiler la port\u00e9e narrative.<\/p>\n<\/div>\n\n\n\n<p class=\"has-text-align-left\" style=\"font-size:12px\">\u00c9voluant de la sculpture \u00e0 la performance, en passant par la vid\u00e9o et la photographie, Laurent Odelain s\u2019investit dans chaque \u00e9tape du processus de cr\u00e9ation et ne s\u2019abstrait jamais de son \u0153uvre. Les installations d\u00e9pouill\u00e9es qu\u2019il propose enjoignent le public \u00e0 consid\u00e9rer la fragilit\u00e9 de l\u2019existence et \u00e0 repenser le lien entre les \u00eatres humains et l\u2019environnement commun \u00e0 tout le vivant. La photographie et la vid\u00e9o captent l\u2019action \u00e9ph\u00e9m\u00e8re de l\u2019artiste, tandis que les textes et mouvements silencieux exposent une r\u00e9sistance, une forme d\u2019hommage aux forces du monde.<\/p>\n\n\n\n<div style=\"height:1px\" aria-hidden=\"true\" class=\"wp-block-spacer\"><\/div>\n\n\n\n<p class=\"has-text-color has-link-color wp-elements-2725157131840d1e72ae7ddc4a9889b1\" style=\"color:#00000078;font-size:12px\">Laurent Odelain is interested in geography and ecology. His approach is based on attention to the landscape and the experience of the living. Through territories exploration, the artist gathers materials \u2012 images, sounds, objects \u2012 that form the genesis of his works. Between prosaic reality and imaginary stories, Laurent Odelain handles what exists to reveal its narrative scope.<\/p>\n\n\n\n<p class=\"has-text-color has-link-color wp-elements-9b3080c76a8d20a947afcce7bfb09f90\" style=\"color:#00000078;font-size:12px\">Evolving from sculpture to performance, through video and photography, Laurent Odelain invests himself in each step of the creation process and never abstracts himself from his work. His sleek installations invite the audience to consider the fragility of existence, and to rethink the link between human beings and the environment shared by all living things. Photography and video capture the artist\u2019s ephemeral action, while texts and silent movements expose a resistance, a kind of tribute to world forces.<\/p>\n\n\n\n<p class=\"has-text-align-left has-x-small-font-size\">&#8230;<\/p>\n\n\n\n<div style=\"height:1px\" aria-hidden=\"true\" class=\"wp-block-spacer\"><\/div>\n\n\n\n<p class=\"has-text-color has-link-color wp-elements-0835f728e1f810e958cf3165de1e2789\" style=\"color:#00000047;font-size:10px\"><br>Vincent Verl\u00e9 &#8211; OpenSpace \u00b7 2023<\/p>\n\n\n\n<div style=\"height:1px\" aria-hidden=\"true\" class=\"wp-block-spacer\"><\/div>\n\n\n\n<p class=\"has-text-align-left\" style=\"font-size:12px\">Laurent Odelain construit des objets et des situations qu\u2019il \u00e9prouve ensuite dans des actions \u00e0 la geste performative et po\u00e9tique. Se faisant, il s\u2019agit pour lui d\u2019explorer des territoires, des paysages et d\u2019en renouveler l\u2019exp\u00e9rience en red\u00e9finissant le rapport que l\u2019on peut construire \u00e0 notre environnement dans un \u00e9lan pour retisser des liens autres au vivant.<\/p>\n\n\n\n<div style=\"height:1px\" aria-hidden=\"true\" class=\"wp-block-spacer\"><\/div>\n\n\n\n<p class=\"has-text-align-left has-text-color has-link-color wp-elements-02ded443ca10652845d1da4a5a8e9d1a\" style=\"color:#00000078;font-size:12px\">Laurent Odelain builds objects and situations that he then experiences in actions that are both performative and poetic. In so doing, he explores territories and landscapes, and renews our experience of them by redefining the relationship we can build with our environment, in a drive to forge new links with the living.<\/p>\n\n\n\n<p class=\"has-text-align-left has-x-small-font-size\">&#8230;<\/p>\n\n\n\n<div style=\"height:1px\" aria-hidden=\"true\" class=\"wp-block-spacer\"><\/div>\n\n\n\n<p class=\"has-text-color has-link-color wp-elements-3478cb7a5727fc63292fdd347fdebe0c\" style=\"color:#00000047;font-size:10px\"><br>Emeline Dufrennoy &#8211; La Chambre \u00b7 2016<\/p>\n\n\n\n<div style=\"height:1px\" aria-hidden=\"true\" class=\"wp-block-spacer\"><\/div>\n\n\n\n<p style=\"font-size:12px\">Au travers d\u2019un positionnement prot\u00e9iforme et sensible, Laurent Odelain livre un univers silencieux, fragile et d\u00e9pouill\u00e9, o\u00f9 l\u2019attention pour le paysage, le temps et la mythologie de l\u2019\u00eatre sont autant d\u2019objections faites \u00e0 une soci\u00e9t\u00e9 de l\u2019acc\u00e9l\u00e9ration et de la surabondance des images.<\/p>\n\n\n\n<p style=\"font-size:12px\">Entre fatalit\u00e9 et merveilleux, absurde et faillibilit\u00e9, les \u0153uvres de Laurent Odelain r\u00e9enchantent le banal, pointent les errements et les tentatives s\u00e9culaires de l\u2019homme \u00e0 plier le paysage \u00e0 sa volont\u00e9, et l\u2019interpellent dans son rapport \u00e0 son environnement.<\/p>\n\n\n\n<p style=\"font-size:12px\">Laurent Odelain offre ainsi une lecture tr\u00e8s personnelle de notre mani\u00e8re d\u2019\u00eatre au monde, en cela r\u00e9v\u00e9latrice de l\u2019engagement politique de l\u2019auteur.<\/p>\n\n\n\n<div style=\"height:1px\" aria-hidden=\"true\" class=\"wp-block-spacer\"><\/div>\n\n\n\n<p class=\"has-text-color has-link-color wp-elements-19c1c78debd0e985a161603b0b7df9b7\" style=\"color:#00000070;font-size:12px\">Through a protean and sensitive positioning, Laurent Odelain delivers a silent, fragile and bare universe, where attention to landscape, time and mythology of being are all objections to a society of acceleration and image overload.<\/p>\n\n\n\n<p class=\"has-text-color has-link-color wp-elements-0b6835d8644c821b0442d3c519c3f05b\" style=\"color:#00000070;font-size:12px\">Somewhere between fatality and wonder, absurdity and fallibility, Laurent Odelain&#8217;s works reenchant the banal, point to man&#8217;s age-old attempts to bend the landscape to his will, and challenge him in his relationship with his environment.<\/p>\n\n\n\n<p class=\"has-text-color has-link-color wp-elements-5a2bc535cd867ac68c724bddc0326676\" style=\"color:#00000070;font-size:12px\">In this way, Laurent Odelain offers a very personal reading of our way of being in the world, revealing the author&#8217;s political commitment.<\/p>\n","protected":false},"excerpt":{"rendered":"<p>Laurent Odelain \u00b7 2024 Ma recherche s&#8217;articule autour de formes de fictions actives. Je m\u2019immisce dans les interstices, les espaces o\u00f9 se m\u00ealent le dessein humain et la force sauvage. J&#8217;aborde les questions du mythe et de l&#8217;\u00e9cologie en m&#8217;attachant aux g\u00e9ographies, qu&#8217;elles soient scientifiques, culturelles ou sensibles. Dans l&#8217;\u00e9coute des lieux et de ce [&hellip;]<\/p>\n","protected":false},"author":1,"featured_media":0,"parent":0,"menu_order":0,"comment_status":"closed","ping_status":"closed","template":"","meta":{"footnotes":""},"class_list":["post-307","page","type-page","status-publish","hentry"],"_links":{"self":[{"href":"https:\/\/laurentodelain.com\/index.php\/wp-json\/wp\/v2\/pages\/307","targetHints":{"allow":["GET"]}}],"collection":[{"href":"https:\/\/laurentodelain.com\/index.php\/wp-json\/wp\/v2\/pages"}],"about":[{"href":"https:\/\/laurentodelain.com\/index.php\/wp-json\/wp\/v2\/types\/page"}],"author":[{"embeddable":true,"href":"https:\/\/laurentodelain.com\/index.php\/wp-json\/wp\/v2\/users\/1"}],"replies":[{"embeddable":true,"href":"https:\/\/laurentodelain.com\/index.php\/wp-json\/wp\/v2\/comments?post=307"}],"version-history":[{"count":37,"href":"https:\/\/laurentodelain.com\/index.php\/wp-json\/wp\/v2\/pages\/307\/revisions"}],"predecessor-version":[{"id":619,"href":"https:\/\/laurentodelain.com\/index.php\/wp-json\/wp\/v2\/pages\/307\/revisions\/619"}],"wp:attachment":[{"href":"https:\/\/laurentodelain.com\/index.php\/wp-json\/wp\/v2\/media?parent=307"}],"curies":[{"name":"wp","href":"https:\/\/api.w.org\/{rel}","templated":true}]}}