{"id":515,"date":"2025-01-11T17:40:51","date_gmt":"2025-01-11T16:40:51","guid":{"rendered":"https:\/\/laurentodelain.com\/?page_id=515"},"modified":"2025-02-20T16:57:34","modified_gmt":"2025-02-20T15:57:34","slug":"bio-bis","status":"publish","type":"page","link":"https:\/\/laurentodelain.com\/index.php\/bio-bis\/","title":{"rendered":"curriculum"},"content":{"rendered":"\n<figure class=\"wp-block-image alignleft size-medium is-style-default\"><img loading=\"lazy\" decoding=\"async\" width=\"300\" height=\"197\" src=\"https:\/\/laurentodelain.com\/wp-content\/uploads\/2025\/01\/portrait_LAURENT-ODELAIN-2-300x197.jpg\" alt=\"\" class=\"wp-image-582\" srcset=\"https:\/\/laurentodelain.com\/wp-content\/uploads\/2025\/01\/portrait_LAURENT-ODELAIN-2-300x197.jpg 300w, https:\/\/laurentodelain.com\/wp-content\/uploads\/2025\/01\/portrait_LAURENT-ODELAIN-2.jpg 709w\" sizes=\"auto, (max-width: 300px) 100vw, 300px\" \/><\/figure>\n\n\n\n<div style=\"height:25px\" aria-hidden=\"true\" class=\"wp-block-spacer\"><\/div>\n\n\n\n<div class=\"wp-block-group has-global-padding is-layout-constrained wp-block-group-is-layout-constrained\">\n<div class=\"wp-block-group has-global-padding is-layout-constrained wp-block-group-is-layout-constrained\">\n<p class=\"has-text-align-left has-text-color has-link-color wp-elements-f4d3b83ea800c58fa739ad82dfe89c7c\" style=\"color:#00000080;font-size:12px\">BIO<\/p>\n\n\n\n<p class=\"has-text-align-left\" style=\"font-size:12px\">Laurent Odelain (*1985) associe l\u2019activit\u00e9 artistique au fait d\u2019\u00eatre pleinement vivants et attentifs \u00e0 nos milieux. Au-del\u00e0 d\u2019un mode d\u2019expression, c\u2019est pour lui un outil d\u2019\u00e9veil, de d\u00e9fense et d\u2019alarme. La terre dont il est issu est vaste et foisonnante. Ses habitants vivent \u00e0 proximit\u00e9 d\u2019une vie sauvage sur laquelle ils ont une emprise d\u00e9connect\u00e9e mais profonde.<\/p>\n\n\n\n<p style=\"font-size:12px\">Titulaire d\u2019un DNAT <em>i<\/em><em>mage et narration<\/em> de l\u2019\u00c9cole Sup\u00e9rieure d\u2019Art de Lorraine &#8211; \u00c9pinal en 2008 et d\u2019un DNSEP <em>a<\/em><em>rt<\/em> de l\u2019\u00c9SAL &#8211; Metz en 2010, il a obtenu le <em>certificat de plasticien intervenant<\/em> \u00e0 la Haute \u00c9cole des Arts du Rhin &#8211; Strasbourg en 2023.<\/p>\n\n\n\n<p style=\"font-size:12px\">Laurent Odelain a b\u00e9n\u00e9fici\u00e9 de plusieurs r\u00e9sidences d\u2019artistes en France et \u00e0 l\u2019\u00e9tranger, notamment \u00e0 Artopie en Moselle (2011), o\u00f9 il a re\u00e7u le Prix du public du Parcours d\u2019art contemporain&nbsp;du festival des paysages ; \u00e0 Langage Plus au Qu\u00e9bec (2017) dans le cadre du programme de R\u00e9sidences crois\u00e9es Grand Est &lt; &gt; Saguenay-Lac-Saint-Jean du Frac Alsace et de Langage Plus&nbsp;; au Centre d\u2019art contemporain \u0141a\u017cnia \u00e0 Gda\u0144sk (2021)&nbsp;; ou encore \u00e0 la MeetFactory \u00e0 Prague (2022) avec le soutien de l\u2019Institut fran\u00e7ais de Prague et du Ceaac.<\/p>\n\n\n\n<p style=\"font-size:12px\">Ses \u0153uvres ont \u00e9t\u00e9 pr\u00e9sent\u00e9es dans le cadre d\u2019expositions collectives et individuelles, notamment \u00e0 la Chambre \u00e0 Strasbourg (2016), au Centre d\u2019art actuel Langage Plus \u00e0 Alma au Qu\u00e9bec et au Ceaac (2018) ou encore au Kulturwerk T66 de Fribourg-en-Brisgau en Allemagne (2019).<\/p>\n\n\n\n<p style=\"font-size:12px\">Bas\u00e9 \u00e0 Strasbourg, il s\u2019en \u00e9chappe d\u00e8s qu\u2019il le peut afin de nourrir sa recherche.<\/p>\n\n\n\n<div style=\"height:10px\" aria-hidden=\"true\" class=\"wp-block-spacer\"><\/div>\n\n\n\n<p class=\"has-text-color has-link-color wp-elements-152179a08554a80b77b42803c539bd19\" style=\"color:#00000070;font-size:12px\">Laurent Odelain (*1985) associates artistic activity with fact of being fully alive and attentive to our environment. For him, art is more than a means of expression; it&#8217;s a tool for awareness, defence and alarm. The land from which he hails is vast and teeming. Its inhabitants live close to a wild life over which they have a detached but deep hold.<\/p>\n\n\n\n<p class=\"has-text-color has-link-color wp-elements-166e43bb101dd209d39613b12d8373ed\" style=\"color:#00000070;font-size:12px\">Laurent Odelain graduated from the \u00c9cole Sup\u00e9rieure d&#8217;Art de Lorraine &#8211; \u00c9pinal in 2008 with a DNAT in <em>image and narration<\/em> (bachelor degree), and from \u00c9SAL &#8211; Metz in 2010 with a DNSEP in <em>art<\/em> (master degree). In 2023, he obtained a <em>certificate as intervener visual artist<\/em> from the Haute \u00c9cole des Arts du Rhin &#8211; Strasbourg.<\/p>\n\n\n\n<p class=\"has-text-color has-link-color wp-elements-9178da0557767eec74529263b6df8fd8\" style=\"color:#00000070;font-size:12px\">Laurent Odelain has taken part in a number of artists residencies in France and abroad, including at Artopie in Moselle (2011), where he was awarded the Prix du public du Parcours d&#8217;art contemporain du festival des paysages ; Langage Plus in Quebec (2017) as part of the Grand Est &lt; &gt; Saguenay-Lac-Saint-Jean cross-residency programme of the Frac Alsace and Langage Plus; the \u0141a\u017cnia Contemporary Art Centre in Gda\u0144sk (2021); and the MeetFactory in Prague (2022) with the support of Prague French Institute and Ceaac.<\/p>\n\n\n\n<p class=\"has-text-color has-link-color wp-elements-fc233e6a1656ac38474f5e0340149ec8\" style=\"color:#00000070;font-size:12px\">His work has been shown in group and solo exhibitions, notably at La Chambre in Strasbourg (2016), at the Centre d&#8217;art actuel Langage Plus in Alma, Quebec, and at Ceaac (2018), and at Kulturwerk T66 in Freiburg im Breisgau, Germany (2019).<\/p>\n\n\n\n<p class=\"has-text-color has-link-color wp-elements-45fbd2c48f2097a8d949ff2e16035396\" style=\"color:#00000070;font-size:12px\">Based in Strasbourg, he escapes as soon as he can to fuel his research.<\/p>\n\n\n\n<div style=\"height:40px\" aria-hidden=\"true\" class=\"wp-block-spacer\"><\/div>\n\n\n\n<p class=\"has-text-align-left has-text-color has-link-color wp-elements-dae251075cd8888c755b61211067c32d\" style=\"color:#00000080;font-size:10px\"><a href=\"http:\/\/laurentodelain.com\/wp-content\/uploads\/2025\/01\/Laurent-Odelain_BIO_CV_2024.pdf\" target=\"_blank\" rel=\"noreferrer noopener\">CV PDF<\/a><\/p>\n<\/div>\n<\/div>\n\n\n\n<div style=\"height:30px\" aria-hidden=\"true\" class=\"wp-block-spacer\"><\/div>\n\n\n\n<div class=\"wp-block-group has-global-padding is-layout-constrained wp-block-group-is-layout-constrained\">\n<div class=\"wp-block-group has-global-padding is-layout-constrained wp-block-group-is-layout-constrained\">\n<p class=\"has-text-color has-link-color wp-elements-79f91994ebbd9f3371aed74134c02e84\" style=\"color:#00000061;font-size:12px\">EXPOS SOLO \u00b7 <em>SOLO SHOWS<\/em><\/p>\n<\/div>\n\n\n\n<p style=\"font-size:12px;line-height:1.5;text-transform:none\">2024<br><strong>chagrin rouge<\/strong> \u00b7 Galerie 0.15 \/\/ Essais Dynamiques, galerie de l&#8217;UFR Arts, Lettres et Sciences humaines de l&#8217;Universit\u00e9 de Lorraine, Campus du Saulcy, Metz &#8211; F<\/p>\n\n\n\n<p style=\"font-size:12px;text-transform:none\">2023<br><strong>horopis a vodopis<\/strong> \u00b7 Galerie 35, Institut Fran\u00e7ais de Prague &#8211; CZ<br><strong>apo-\u00e8dre<\/strong> \u00b7 Territoire #6, festival de performances dans l&#8217;espace public (OpenSpace \u2013 Nancy), performance dans le parc Sainte-Marie, Nancy &#8211; F<\/p>\n\n\n\n<p style=\"font-size:12px\">2019<br><strong>un attendu \/ un expected<\/strong> \u00b7 Kulturwerk T66, Regionale 19, Freiburg &#8211; D<\/p>\n\n\n\n<p style=\"font-size:12px\">2018<br><strong>\u00e9missaire #2<\/strong> \u00b7 Espace Internationnal, CEAAC, Strasbourg &#8211; F<\/p>\n\n\n\n<p style=\"font-size:12px\">2017-18<br><strong>\u00e9missaire<\/strong> \u00b7 Langage Plus, Alma &#8211; QC<\/p>\n\n\n\n<div style=\"height:20px\" aria-hidden=\"true\" class=\"wp-block-spacer\"><\/div>\n\n\n\n<p class=\"has-text-color has-link-color wp-elements-39adfda7880ac11830d9d0086eccad8a\" style=\"color:#00000061;font-size:12px\">EXPOS EN DUO \u00b7 <em>DUO SHOWS<\/em><\/p>\n\n\n\n<p style=\"font-size:12px;text-transform:none\">2016<br><strong>pan 6<\/strong> \u00b7 avec Emma Perrochon, Tour des Cordeliers, Besan\u00e7on &#8211; F<br><strong>d\u00e9m\u00e2ter<\/strong> \u00b7 avec Delphine Gatinois, Le Syndicat Potentiel, Strasbourg &#8211; F<\/p>\n\n\n\n<p style=\"font-size:12px\">2011<br><strong>dialog 8 &#8211; existence<\/strong> \u00b7 avec Marek Elsner, Gdanska Galeria Miejska, Gdansk &#8211; PL<\/p>\n\n\n\n<div style=\"height:20px\" aria-hidden=\"true\" class=\"wp-block-spacer\"><\/div>\n\n\n\n<p class=\"has-text-color has-link-color wp-elements-337b521eabae9c0c6421502a69fef7de\" style=\"color:#00000080;font-size:12px\">EXPOS COLLECTIVES \u00b7 <em>GROUP SHOWS<\/em><\/p>\n\n\n\n<p style=\"font-size:12px;text-transform:none\">2024<br><strong>le sentier des passeurs<\/strong> \u00b7 10\u00e8me biennale d\u2019art en for\u00eat du val de de Senones, organis\u00e9e par H\u00e9licoop, Quieux, Le Saulcy, Vosges &#8211; F<br><strong>prix DJTAL Humain<\/strong> \u00b7 pr\u00e9sentation de la s\u00e9lection 2024, Art Mercator et Ergastule, Nancy &#8211; F<\/p>\n\n\n\n<p style=\"font-size:12px\">2022<br><strong>le sentier des passeurs<\/strong> \u00b7 9\u00e8me biennale d\u2019art en for\u00eat du val de de Senones, organis\u00e9e par H\u00e9licoop, Quieux, Le Saulcy, Vosges &#8211; F<\/p>\n\n\n\n<p style=\"font-size:12px;text-transform:none\">2017<br><strong>veau d&#8217;or et vache maigre<\/strong> \u00b7  palais abbatial de Senones, Vosges &#8211; F<br><strong>discorde<\/strong> \u00b7 collectif Papotart, Le 100, Paris &#8211; F<\/p>\n\n\n\n<p style=\"font-size:12px;text-transform:none\">2016<br><strong>perspective XV<\/strong> \u00b7  La Chambre, Strasbourg &#8211; F<\/p>\n\n\n\n<p style=\"font-size:12px;text-transform:none\">2015-16<br><strong>kosmodrome<\/strong> \u00b7  Regionale 16, Ceaac, Strasbourg &#8211; F<\/p>\n\n\n\n<p style=\"font-size:12px\">2013<br><strong>une nuit \/ eine nacht<\/strong> \u00b7 Castel Coucou, Forbach (Moselle) &#8211; F<br><strong>la zone 2<\/strong> \u00b7 tour Seegmuller, Strasbourg &#8211; F<br><strong>frisch gepresst<\/strong> \u00b7 Kreisgalerie, Dahn &#8211; D<br><strong>sans titre mais po\u00e9tique<\/strong> \u00b7 Le Hall des Chars, Strasbourg &#8211; F<\/p>\n\n\n\n<p style=\"font-size:12px;text-transform:none\">2012-13<br><strong>filmer immer noch<\/strong> \u00b7  Regionale 13, La Filature, Mulhouse &#8211; F<\/p>\n\n\n\n<p style=\"font-size:12px\">2012<br><strong>la zone <\/strong> \u00b7 tour Seegmuller, Strasbourg &#8211; F<br><strong>festival des paysages<\/strong> \u00b7 artopie et la grange aux paysages, site forestier de la Heidenkirche, Meisenthal (Moselle) &#8211; F<br><strong>spring roll festival<\/strong> \u00b7 bains municipaux, Strasbourg &#8211; F<\/p>\n\n\n\n<p style=\"font-size:12px\">2011<br><strong>l&#8217;un nourrit l&#8217;autre <\/strong> \u00b7 Galerie Lillebonne , Nancy &#8211; F<br><strong>festival des paysages<\/strong> \u00b7 laur\u00e9at du prix du public avec Delphine Gatinois, artopie et la grange aux paysages, site forestier de la Heidenkirche, Meisenthal (Moselle) &#8211; F<br><strong>les yeux la nuit<\/strong> \u00b7 Les Yeux de l\u2019Ou\u00efe, MJC Lillebone, Nancy &#8211; F<\/p>\n\n\n\n<p style=\"font-size:12px;text-transform:none\">2010<br><strong>imaginez maintenant<\/strong> \u00b7  autour du Centre Pompidou-Metz, Metz &#8211; F<\/p>\n<\/div>\n\n\n\n<div style=\"height:30px\" aria-hidden=\"true\" class=\"wp-block-spacer\"><\/div>\n\n\n\n<p class=\"has-text-color has-link-color wp-elements-1f9a9e55159dca102cf221a0cb2c5f8f\" style=\"color:#00000080;font-size:12px\">R\u00c9SIDENCES \u00b7 <em>RESIDENCIES<\/em><\/p>\n\n\n\n<p class=\"has-primary-color has-text-color has-link-color wp-elements-2cf6941ca4c0aa548e84c19a8747fde3\" style=\"font-size:12px\">2022<br><strong>r\u00e9sidence crois\u00e9e MeetFactory, Prague \/ Ceaac, Strasbourg<\/strong><br>centre d\u2019art contemporain MeetFactory, Prague &#8211; CZ<\/p>\n\n\n\n<p class=\"has-primary-color has-text-color has-link-color wp-elements-817496dcb62d3896de78757881bb25a2\" style=\"font-size:12px\">2021<br><strong>r\u00e9sidence crois\u00e9e Gda\u0144sk \/ Strasbourg<\/strong><br>centre d\u2019art contemporain \u0141a\u017cnia, Gda\u0144sk &#8211; PL<\/p>\n\n\n\n<p class=\"has-primary-color has-text-color has-link-color wp-elements-873fd9ff71f23cc6ff2765fa52b78013\" style=\"font-size:12px\">2017-2021<br><strong>artiste r\u00e9sident au Bastion XIV<\/strong><br>ateliers de la ville de Strasbourg &#8211; F<\/p>\n\n\n\n<p class=\"has-primary-color has-text-color has-link-color wp-elements-986a3221f1bbd92fd2f8ff446b7af2e1\" style=\"font-size:12px\">2017<br><strong>r\u00e9sidence crois\u00e9e Langage Plus, Saguenay Lac St Jean &#8211; Qu\u00e9bec \/ Frac Alsace, Grand Est &#8211; France<\/strong><br>centre d\u2019art actuel Langage Plus, Alma &#8211; QC<\/p>\n\n\n\n<p class=\"has-primary-color has-text-color has-link-color wp-elements-aafad3ae92afa13d844ada469204c56b\" style=\"font-size:12px\">2016<br><strong>r\u00e9sidence <em>dans les parages<\/em><\/strong><br>laboratoire de recherche et de cr\u00e9ation<br>studio de La Zouze &#8211; Cie Christophe Haleb, Marseille &#8211; F<\/p>\n\n\n\n<p class=\"has-primary-color has-text-color has-link-color wp-elements-79971893f33a440c022370a136894298\" style=\"font-size:12px\">2011<br><strong>r\u00e9sidence de cr\u00e9ation \u00e0 Artopie<\/strong><br>prix du public du parcours d\u2019art contemporain du Festival des Paysages avec Delphine Gatinois, Meisenthal, Moselle &#8211; F<\/p>\n\n\n\n<div style=\"height:30px\" aria-hidden=\"true\" class=\"wp-block-spacer\"><\/div>\n\n\n\n<p class=\"has-text-color has-link-color wp-elements-d9ceaa3d466e237106db7a15163cefcb\" style=\"color:#00000080;font-size:12px\">PUBLICATIONS<\/p>\n\n\n\n<p style=\"font-size:12px\">2024<br><strong>catalogue de la 10\u00e8me Biennale d\u2019art sur le Sentier des Passeurs<\/strong> \u00b7 catalogue, \u00e9dit\u00e9 par H\u00e9liccop, Vosges &#8211; F<\/p>\n\n\n\n<p style=\"font-size:12px\">2022<br><strong>catalogue de la 9\u00e8me Biennale d\u2019art sur le Sentier des Passeurs<\/strong> \u00b7 catalogue, \u00e9dit\u00e9 par H\u00e9liccop, Vosges &#8211; F<\/p>\n\n\n\n<p style=\"font-size:12px\">2021<br><strong>10 ans de photographie<\/strong> \u00b7 ouvrage retra\u00e7ant dix ann\u00e9es d\u2019activit\u00e9s autour de l\u2019image, \u00e9dit\u00e9 par La Chambre, Strasbourg &#8211; F<\/p>\n\n\n\n<p style=\"font-size:12px\">2018<br><strong>LO<\/strong> \u00b7 catalogue de la collection R\u00e9sidences crois\u00e9es Grand Est, France \/ Saguenay &#8211; Lac-Saint-Jean, Qu\u00e9bec, \u00e9dit\u00e9 par le FRAC Alsace et Langage plus &#8211; F \/ QC<\/p>\n\n\n\n<p style=\"font-size:12px\">2014<br><strong>talweg 2 la p\u00e9riph\u00e9rie<\/strong> \u00b7 transrevue d\u2019art contemporain, \u00e9dit\u00e9e par P\u00e9trole \u00c9ditions &#8211; F<br><strong>coming soon 6<\/strong> \u00b7 fanzine d\u2019art contemporain publi\u00e9 par l\u2019\u00c9clair, dispositif d\u2019exposition temporaire &#8211; F<\/p>\n\n\n\n<div style=\"height:30px\" aria-hidden=\"true\" class=\"wp-block-spacer\"><\/div>\n\n\n\n<p class=\"has-text-color has-link-color wp-elements-102fee507c50db3cf6fa714bc78a07cf\" style=\"color:#00000080;font-size:12px\">INTERVENTIONS<\/p>\n\n\n\n<p style=\"font-size:12px\">2023<br><strong>ceaac<\/strong>, \u00e0 l&#8217;occasion de l\u2019\u00e9v\u00e9nement <em>P\u00e2ques \u00e0 Pourtales<\/em>, parc de Pourtales, Strasbourg<br><strong>\u00e9cole \u00e9l\u00e9mentaire des rives de l&#8217;Aubach<\/strong> \u00e0 Ebersheim (Bas-Rhin) avec les \u00e9l\u00e8ves de l\u2019unit\u00e9 d\u2019enseignement de l\u2019ITEP Pierre Paul Blanck d\u2019Ebermunster<br><strong>\u00e9cole \u00e9l\u00e9mentaire Sainte Aur\u00e9lie<\/strong>, programme d\u2019interventions <em>Lire la Ville<\/em>, classes de CM2 et ULIS, Strasbourg<br><strong>EMMACulture<\/strong>, communaut\u00e9 EMMA\u00dcS de Scherwiller (Bas-Rhin), dans le cadre du <em>festival PLURIEL<\/em><\/p>\n\n\n\n<p style=\"font-size:12px\">2022<br><strong>lyc\u00e9e professionnel Oberlin<\/strong>, classe de terminale bac-pro, dans le cadre du CFPI, Strasbourg<\/p>\n\n\n\n<div style=\"height:30px\" aria-hidden=\"true\" class=\"wp-block-spacer\"><\/div>\n\n\n\n<p class=\"has-text-color has-link-color wp-elements-5d1980ab3ff79cb6cd0b8208da513ed7\" style=\"color:#00000080;font-size:12px\">FORMATION \u00b7 <em>BACKGROUND<\/em><\/p>\n\n\n\n<p style=\"font-size:12px\">2023<br><strong>certificat de formation des plasticiens intervenants<\/strong>, Centre de Formation des Plasticien\u00b7nes Intervenant\u00b7es, Haute \u00c9cole des Arts du Rhin, Strasbourg &#8211; F<\/p>\n\n\n\n<p style=\"font-size:12px\">2010<br><strong>DNSEP art<\/strong>, master, f\u00e9licitations du jury, \u00c9cole Sup\u00e9rieure d\u2019Art de Lorraine, site de Metz &#8211; F<\/p>\n\n\n\n<p style=\"font-size:12px\">2008<br><strong>DNAT image et narration<\/strong>, licence, f\u00e9licitations du jury, \u00c9cole Sup\u00e9rieure d\u2019Art de Lorraine, site d\u2019\u00c9pinal &#8211; F<\/p>\n","protected":false},"excerpt":{"rendered":"<p>BIO Laurent Odelain (*1985) associe l\u2019activit\u00e9 artistique au fait d\u2019\u00eatre pleinement vivants et attentifs \u00e0 nos milieux. Au-del\u00e0 d\u2019un mode d\u2019expression, c\u2019est pour lui un outil d\u2019\u00e9veil, de d\u00e9fense et d\u2019alarme. La terre dont il est issu est vaste et foisonnante. Ses habitants vivent \u00e0 proximit\u00e9 d\u2019une vie sauvage sur laquelle ils ont une emprise [&hellip;]<\/p>\n","protected":false},"author":1,"featured_media":0,"parent":0,"menu_order":0,"comment_status":"closed","ping_status":"closed","template":"","meta":{"footnotes":""},"class_list":["post-515","page","type-page","status-publish","hentry"],"_links":{"self":[{"href":"https:\/\/laurentodelain.com\/index.php\/wp-json\/wp\/v2\/pages\/515","targetHints":{"allow":["GET"]}}],"collection":[{"href":"https:\/\/laurentodelain.com\/index.php\/wp-json\/wp\/v2\/pages"}],"about":[{"href":"https:\/\/laurentodelain.com\/index.php\/wp-json\/wp\/v2\/types\/page"}],"author":[{"embeddable":true,"href":"https:\/\/laurentodelain.com\/index.php\/wp-json\/wp\/v2\/users\/1"}],"replies":[{"embeddable":true,"href":"https:\/\/laurentodelain.com\/index.php\/wp-json\/wp\/v2\/comments?post=515"}],"version-history":[{"count":69,"href":"https:\/\/laurentodelain.com\/index.php\/wp-json\/wp\/v2\/pages\/515\/revisions"}],"predecessor-version":[{"id":1060,"href":"https:\/\/laurentodelain.com\/index.php\/wp-json\/wp\/v2\/pages\/515\/revisions\/1060"}],"wp:attachment":[{"href":"https:\/\/laurentodelain.com\/index.php\/wp-json\/wp\/v2\/media?parent=515"}],"curies":[{"name":"wp","href":"https:\/\/api.w.org\/{rel}","templated":true}]}}